{"id":14729,"date":"2024-02-22T16:45:45","date_gmt":"2024-02-22T16:45:45","guid":{"rendered":"https:\/\/business.hiphophostels.com\/?page_id=14729"},"modified":"2024-02-23T10:38:09","modified_gmt":"2024-02-23T10:38:09","slug":"salles-de-reunion-et-evenements","status":"publish","type":"page","link":"http:\/\/business.hiphophostels.com\/fr\/salles-de-reunion-et-evenements\/","title":{"rendered":"Salles de r\u00e9union et \u00e9v\u00e8nements"},"content":{"rendered":"<p>[vc_row padding_top=\u00a0\u00bb20&Prime; padding_bottom=\u00a0\u00bb20&Prime;][vc_column width=\u00a0\u00bb1\/6&Prime;][\/vc_column][vc_column width=\u00a0\u00bb2\/3&Prime;][vc_column_text]<\/p>\n<h3>Vous recherchez une salle de r\u00e9union pour votre \u00e9v\u00e9nement<\/h3>\n<p>Les Espaces Rocroy sont une nouvelle g\u00e9n\u00e9ration de Centre d&rsquo;Affaires situ\u00e9 au c\u0153ur de Paris, entre la Gare du Nord et la Gare de l&rsquo;Est.<br \/>\nChacune des 6 salles de r\u00e9union est con\u00e7ue et pens\u00e9e afin de rendre chaque \u00e9v\u00e9nement aussi parfait que possible et peut \u00eatre mod\u00e9lis\u00e9e selon les besoins des clients.<br \/>\nNous pouvons \u00e9galement proposer des services compl\u00e9mentaires aupr\u00e8s de nos partenaires s\u00e9lectionn\u00e9s, comme des h\u00f4tesses, le petit-d\u00e9jeuner, diff\u00e9rents menus pour le d\u00e9jeuner, le d\u00eener et les cocktails\u2026[\/vc_column_text][\/vc_column][vc_column width=\u00a0\u00bb1\/6&Prime;][\/vc_column][\/vc_row][vc_row el_id=\u00a0\u00bbSelect\u00a0\u00bb padding_top=\u00a0\u00bb20&Prime; padding_bottom=\u00a0\u00bb20&Prime;][vc_column width=\u00a0\u00bb1\/6&Prime;][\/vc_column][vc_column width=\u00a0\u00bb2\/3&Prime;][vc_column_text]<\/p>\n<h3>D\u00e9couvrez nos salles de r\u00e9union<\/h3>\n<p>[\/vc_column_text][\/vc_column][vc_column width=\u00a0\u00bb1\/6&Prime;][\/vc_column][\/vc_row][vc_row el_id=\u00a0\u00bbSelect\u00a0\u00bb padding_top=\u00a0\u00bb20&Prime; padding_bottom=\u00a0\u00bb20&Prime;][vc_column][rev_slider_vc alias=\u00a0\u00bbsalle3&Prime;][\/vc_column][\/vc_row][vc_row el_id=\u00a0\u00bbContact\u00a0\u00bb padding_top=\u00a0\u00bb20&Prime; padding_bottom=\u00a0\u00bb20&Prime;][vc_column width=\u00a0\u00bb1\/6&Prime;][\/vc_column][vc_column width=\u00a0\u00bb1\/2&Prime;][vc_column_text]<\/p>\n<h3>Un interlocuteur d\u00e9di\u00e9 pour vous<\/h3>\n<p>Notre coordinateur de r\u00e9servation vous aidera \u00e0 chaque \u00e9tape de votre r\u00e9servation.<br \/>\nVous pouvez la contacter au num\u00e9ro suivant +33 (0)1 53 20 78 53 ou par email\u00a0<a href=\"mailto:corporate@hiphophostels.com\" target=\"_blank\" rel=\"noopener\">corporate@hiphophostels.com<\/a>[\/vc_column_text][\/vc_column][vc_column width=\u00a0\u00bb1\/6&Prime;]<div  class=\"kleo-gap\" style=\"height:18px;line-height:18px;\"><\/div>[vc_single_image image=\u00a0\u00bb14604&Prime; add_caption=\u00a0\u00bbyes\u00a0\u00bb][\/vc_column][vc_column width=\u00a0\u00bb1\/6&Prime;][\/vc_column][\/vc_row][vc_row el_id=\u00a0\u00bbForm\u00a0\u00bb inner_container=\u00a0\u00bbno\u00a0\u00bb padding_top=\u00a0\u00bb20&Prime; padding_bottom=\u00a0\u00bb20&Prime; margin_top=\u00a0\u00bb0&Prime; margin_bottom=\u00a0\u00bb0&Prime;][vc_column][vc_column_text css=\u00a0\u00bb.vc_custom_1708528183151{margin-top: 0px !important;margin-right: 0px !important;margin-bottom: 0px !important;margin-left: 0px !important;border-top-width: 0px !important;border-right-width: 0px !important;border-bottom-width: 0px !important;border-left-width: 0px !important;padding-top: 0px !important;padding-right: 0px !important;padding-bottom: 0px !important;padding-left: 0px !important;}\u00a0\u00bb]<\/p>\n<p style=\"text-align: center;\"><iframe loading=\"lazy\" src=\"https:\/\/docs.google.com\/forms\/d\/e\/1FAIpQLSdBPDO26oYi8YuBmuacvv1IShT2yys62mUWwnwEoNcBqCugCA\/viewform?embedded=true\" width=\"100%\" height=\"2200\" frameborder=\"0\" marginwidth=\"0\" marginheight=\"0\">Chargement en cours&#8230;<\/iframe><\/p>\n<p>[\/vc_column_text][\/vc_column][\/vc_row]<\/p>\n","protected":false},"excerpt":{"rendered":"<p>[vc_row padding_top=\u00a0\u00bb20&Prime; padding_bottom=\u00a0\u00bb20&Prime;][vc_column width=\u00a0\u00bb1\/6&Prime;][\/vc_column][vc_column width=\u00a0\u00bb2\/3&Prime;][vc_column_text] Vous recherchez une salle de r\u00e9union pour votre \u00e9v\u00e9nement Les Espaces Rocroy sont une nouvelle g\u00e9n\u00e9ration de Centre d&rsquo;Affaires situ\u00e9 au c\u0153ur de Paris, entre la Gare du Nord et la Gare de l&rsquo;Est. Chacune des 6 salles de r\u00e9union est con\u00e7ue et pens\u00e9e afin de rendre chaque \u00e9v\u00e9nement aussi parfait que possible et peut [&hellip;]<\/p>\n","protected":false},"author":1,"featured_media":210,"parent":0,"menu_order":0,"comment_status":"closed","ping_status":"closed","template":"","meta":{"footnotes":""},"_links":{"self":[{"href":"http:\/\/business.hiphophostels.com\/fr\/wp-json\/wp\/v2\/pages\/14729"}],"collection":[{"href":"http:\/\/business.hiphophostels.com\/fr\/wp-json\/wp\/v2\/pages"}],"about":[{"href":"http:\/\/business.hiphophostels.com\/fr\/wp-json\/wp\/v2\/types\/page"}],"author":[{"embeddable":true,"href":"http:\/\/business.hiphophostels.com\/fr\/wp-json\/wp\/v2\/users\/1"}],"replies":[{"embeddable":true,"href":"http:\/\/business.hiphophostels.com\/fr\/wp-json\/wp\/v2\/comments?post=14729"}],"version-history":[{"count":3,"href":"http:\/\/business.hiphophostels.com\/fr\/wp-json\/wp\/v2\/pages\/14729\/revisions"}],"predecessor-version":[{"id":14732,"href":"http:\/\/business.hiphophostels.com\/fr\/wp-json\/wp\/v2\/pages\/14729\/revisions\/14732"}],"wp:featuredmedia":[{"embeddable":true,"href":"http:\/\/business.hiphophostels.com\/fr\/wp-json\/wp\/v2\/media\/210"}],"wp:attachment":[{"href":"http:\/\/business.hiphophostels.com\/fr\/wp-json\/wp\/v2\/media?parent=14729"}],"curies":[{"name":"wp","href":"https:\/\/api.w.org\/{rel}","templated":true}]}}