{"id":14721,"date":"2024-02-21T15:22:56","date_gmt":"2024-02-21T15:22:56","guid":{"rendered":"https:\/\/business.hiphophostels.com\/?page_id=14721"},"modified":"2024-02-22T16:43:53","modified_gmt":"2024-02-22T16:43:53","slug":"reservation-de-groupe","status":"publish","type":"page","link":"https:\/\/business.hiphophostels.com\/fr\/reservation-de-groupe\/","title":{"rendered":"R\u00e9servation de groupe"},"content":{"rendered":"<p>[vc_row padding_top=\u00a0\u00bb10&Prime; padding_bottom=\u00a0\u00bb10&Prime;][vc_column width=\u00a0\u00bb1\/2&Prime;][vc_column_text]<\/p>\n<h3>Vous souhaitez organiser un voyage en groupe<\/h3>\n<p>Un voyage en groupe est souvent long et difficile \u00e0 organiser. Que vous veniez \u00e0 Paris pour un salon, un voyage \u00e9tudiant ou pour f\u00eater les 70 ans de Papi, nous pouvons accueillir des groupes de 8 \u00e0 200 personnes.[\/vc_column_text][\/vc_column][vc_column width=\u00a0\u00bb1\/2&Prime;][vc_column_text]<\/p>\n<p style=\"text-align: left;\"><strong>Plus de 20 h\u00f4tels et auberges en plein c\u0153ur de Paris.<\/strong><\/p>\n<p style=\"text-align: left;\">Nos auberges et h\u00f4tels sont tous extr\u00eamement bien situ\u00e9s dans des quartiers anim\u00e9s de Paris avec de nombreux caf\u00e9s, restaurants et magasins aux alentours. A moins de 2 minutes \u00e0 pied des transports en commun vous acc\u00e9derez facilement \u00e0 tout Paris.<\/p>\n<p>[\/vc_column_text][\/vc_column][\/vc_row][vc_row el_id=\u00a0\u00bbSelect\u00a0\u00bb padding_top=\u00a0\u00bb5&Prime; padding_bottom=\u00a0\u00bb5&Prime;][vc_column][rev_slider_vc alias=\u00a0\u00bbhotel3&Prime;][\/vc_column][\/vc_row][vc_row gap=\u00a0\u00bb2&Prime; equal_height=\u00a0\u00bbyes\u00a0\u00bb content_placement=\u00a0\u00bbtop\u00a0\u00bb el_id=\u00a0\u00bbContact\u00a0\u00bb padding_top=\u00a0\u00bb10&Prime; padding_bottom=\u00a0\u00bb0&Prime;][vc_column width=\u00a0\u00bb1\/4&Prime;][vc_column_text]<strong>Des services adapt\u00e9s \u00e0 vos besoins<\/strong><\/p>\n<p>Tous nos h\u00f4tels et auberges proposent un petit-d\u00e9jeuner parisien, des cuisines communes pour les auberges, des casiers et une consigne \u00e0 bagages pour s\u00e9curiser vos affaires, des moyens de transport collectifs ou priv\u00e9s pour vos excursions ou navettes a\u00e9roport et bien d&rsquo;autres avantages sp\u00e9cifiques, s\u00e9lectionn\u00e9s aupr\u00e8s de nos partenaires. Certains proposent m\u00eame une salle de sport, un toit-terrasse, un patio ou un pub. Il vous suffit de demander \u00e0 l&rsquo;un de nos responsables de groupe si vous avez un souhait ou un besoin particulier.[\/vc_column_text][\/vc_column][vc_column width=\u00a0\u00bb1\/4&Prime;][vc_column_text]<strong>Des \u00e9quipes professionnelles qui vous aident \u00e0 profiter au maximum de votre s\u00e9jour<\/strong><\/p>\n<p>Nous nous effor\u00e7ons d&rsquo;accompagner nos clients avec un contact personnalis\u00e9 et authentique. Nos \u00e9quipes jeunes et multilingues ont beaucoup voyag\u00e9 et ont h\u00e2te de partager leur exp\u00e9rience avec vous.<\/p>\n<p>S\u00e9lectionnez l&rsquo;h\u00f4tel dans lequel vous souhaitez s\u00e9journer et le type de chambre que vous pr\u00e9f\u00e9rez (partag\u00e9e ou priv\u00e9e) et nous nous occupons du reste.[\/vc_column_text][\/vc_column][vc_column width=\u00a0\u00bb1\/4&Prime;][vc_column_text]<strong>Un interlocuteur d\u00e9di\u00e9 pour vous<\/strong><\/p>\n<p>Notre coordinateur de r\u00e9servation vous aidera \u00e0 chaque \u00e9tape de votre r\u00e9servation.<\/p>\n<p>Remplissez simplement le formulaire ci-joint, un de nos collaborateurs vous contactera dans les 48 heures !<\/p>\n<p>Vous pouvez la contacter aux coordonn\u00e9es suivantes :<\/p>\n<p><a href=\"tel:+33153207852\">+33 (0)1 53 20 78 52<\/a><\/p>\n<p><a href=\"mailto:groups@hiphophostels.com\">groups@hiphophostels.com<\/a>[\/vc_column_text][\/vc_column][vc_column width=\u00a0\u00bb1\/4&Prime;][vc_single_image image=\u00a0\u00bb14604&Prime;][\/vc_column][\/vc_row][vc_row el_id=\u00a0\u00bbForm\u00a0\u00bb inner_container=\u00a0\u00bbno\u00a0\u00bb padding_top=\u00a0\u00bb20&Prime; padding_bottom=\u00a0\u00bb20&Prime; margin_top=\u00a0\u00bb0&Prime; margin_bottom=\u00a0\u00bb0&Prime;][vc_column][vc_column_text css=\u00a0\u00bb.vc_custom_1513674488615{margin: 0px !important;border-width: 0px !important;padding: 0px !important;}\u00a0\u00bb]<\/p>\n<p style=\"text-align: center;\"><iframe loading=\"lazy\" src=\"https:\/\/docs.google.com\/forms\/d\/1VgXh-UbXVYDy3rxCXVafScM9uMffAGeQ8j9NDBMokFg\/viewform?embedded=true\" width=\"100%\" height=\"2200\" frameborder=\"0\" marginwidth=\"0\" marginheight=\"0\">Chargement en cours&#8230;<\/iframe><\/p>\n<p>[\/vc_column_text][\/vc_column][\/vc_row]<\/p>\n","protected":false},"excerpt":{"rendered":"<p>[vc_row padding_top=\u00a0\u00bb10&Prime; padding_bottom=\u00a0\u00bb10&Prime;][vc_column width=\u00a0\u00bb1\/2&Prime;][vc_column_text] Vous souhaitez organiser un voyage en groupe Un voyage en groupe est souvent long et difficile \u00e0 organiser. Que vous veniez \u00e0 Paris pour un salon, un voyage \u00e9tudiant ou pour f\u00eater les 70 ans de Papi, nous pouvons accueillir des groupes de 8 \u00e0 200 personnes.[\/vc_column_text][\/vc_column][vc_column width=\u00a0\u00bb1\/2&Prime;][vc_column_text] Plus de 20 h\u00f4tels et auberges en plein [&hellip;]<\/p>\n","protected":false},"author":1,"featured_media":208,"parent":0,"menu_order":0,"comment_status":"closed","ping_status":"closed","template":"","meta":{"footnotes":""},"_links":{"self":[{"href":"https:\/\/business.hiphophostels.com\/fr\/wp-json\/wp\/v2\/pages\/14721"}],"collection":[{"href":"https:\/\/business.hiphophostels.com\/fr\/wp-json\/wp\/v2\/pages"}],"about":[{"href":"https:\/\/business.hiphophostels.com\/fr\/wp-json\/wp\/v2\/types\/page"}],"author":[{"embeddable":true,"href":"https:\/\/business.hiphophostels.com\/fr\/wp-json\/wp\/v2\/users\/1"}],"replies":[{"embeddable":true,"href":"https:\/\/business.hiphophostels.com\/fr\/wp-json\/wp\/v2\/comments?post=14721"}],"version-history":[{"count":1,"href":"https:\/\/business.hiphophostels.com\/fr\/wp-json\/wp\/v2\/pages\/14721\/revisions"}],"predecessor-version":[{"id":14722,"href":"https:\/\/business.hiphophostels.com\/fr\/wp-json\/wp\/v2\/pages\/14721\/revisions\/14722"}],"wp:featuredmedia":[{"embeddable":true,"href":"https:\/\/business.hiphophostels.com\/fr\/wp-json\/wp\/v2\/media\/208"}],"wp:attachment":[{"href":"https:\/\/business.hiphophostels.com\/fr\/wp-json\/wp\/v2\/media?parent=14721"}],"curies":[{"name":"wp","href":"https:\/\/api.w.org\/{rel}","templated":true}]}}