{"id":14726,"date":"2017-12-01T09:49:06","date_gmt":"2017-12-01T09:49:06","guid":{"rendered":"https:\/\/business.hiphophostels.com\/business-booking\/"},"modified":"2024-02-22T16:42:41","modified_gmt":"2024-02-22T16:42:41","slug":"reservation-affaires","status":"publish","type":"page","link":"https:\/\/business.hiphophostels.com\/fr\/reservation-affaires\/","title":{"rendered":"R\u00e9servation Affaires"},"content":{"rendered":"<p>[vc_row padding_top=\u00a0\u00bb20&Prime; padding_bottom=\u00a0\u00bb20&Prime;][vc_column width=\u00a0\u00bb1\/6&Prime;][\/vc_column][vc_column width=\u00a0\u00bb2\/3&Prime;][vc_column_text]<\/p>\n<h3>Pr\u00e9parez votre d\u00e9placement professionnel en toute s\u00e9r\u00e9nit\u00e9<\/h3>\n<p>Que vous veniez \u00e0 Paris pour une conf\u00e9rence, une r\u00e9union avec vos partenaires ou un s\u00e9minaire, vous trouverez chez hiphophostels, des h\u00f4tels 3 \u00e9toiles et des Auberges boutiques offrant le haut de gamme d&rsquo;un h\u00f4tel traditionnel.[\/vc_column_text][\/vc_column][vc_column width=\u00a0\u00bb1\/6&Prime;][\/vc_column][\/vc_row][vc_row el_id=\u00a0\u00bbSelect\u00a0\u00bb padding_top=\u00a0\u00bb20&Prime; padding_bottom=\u00a0\u00bb20&Prime;][vc_column width=\u00a0\u00bb1\/6&Prime;][\/vc_column][vc_column width=\u00a0\u00bb2\/3&Prime;][vc_column_text]<\/p>\n<h3 style=\"text-align: left;\">D\u00e9couvrez nos H\u00f4tels &amp; Auberges<\/h3>\n<p>[\/vc_column_text][\/vc_column][vc_column width=\u00a0\u00bb1\/6&Prime;][\/vc_column][\/vc_row][vc_row el_id=\u00a0\u00bbSelect\u00a0\u00bb padding_top=\u00a0\u00bb20&Prime; padding_bottom=\u00a0\u00bb20&Prime;][vc_column][rev_slider_vc alias=\u00a0\u00bbhotel3&Prime;][\/vc_column][\/vc_row][vc_row el_id=\u00a0\u00bbContact\u00a0\u00bb padding_top=\u00a0\u00bb20&Prime; padding_bottom=\u00a0\u00bb20&Prime;][vc_column width=\u00a0\u00bb1\/6&Prime;][\/vc_column][vc_column width=\u00a0\u00bb1\/2&Prime;][vc_column_text]<\/p>\n<h3>Un interlocuteur d\u00e9di\u00e9 pour vous<\/h3>\n<p>Notre coordinateur de r\u00e9servation vous aidera \u00e0 chaque \u00e9tape de votre r\u00e9servation.<br \/>\nVous pouvez la contacter au num\u00e9ro suivant +33 (0)1 53 20 78 53 ou par email\u00a0<a href=\"mailto:corporate@hiphophostels.com\" target=\"_blank\" rel=\"noopener\">corporate@hiphophostels.com<\/a>[\/vc_column_text][\/vc_column][vc_column width=\u00a0\u00bb1\/6&Prime;]<div  class=\"kleo-gap\" style=\"height:18px;line-height:18px;\"><\/div>[vc_single_image image=\u00a0\u00bb14604&Prime; add_caption=\u00a0\u00bbyes\u00a0\u00bb][\/vc_column][vc_column width=\u00a0\u00bb1\/6&Prime;][\/vc_column][\/vc_row][vc_row el_id=\u00a0\u00bbForm\u00a0\u00bb inner_container=\u00a0\u00bbno\u00a0\u00bb padding_top=\u00a0\u00bb20&Prime; padding_bottom=\u00a0\u00bb20&Prime; margin_top=\u00a0\u00bb0&Prime; margin_bottom=\u00a0\u00bb0&Prime;][vc_column][vc_column_text css=\u00a0\u00bb.vc_custom_1708528378552{margin-top: 0px !important;margin-right: 0px !important;margin-bottom: 0px !important;margin-left: 0px !important;border-top-width: 0px !important;border-right-width: 0px !important;border-bottom-width: 0px !important;border-left-width: 0px !important;padding-top: 0px !important;padding-right: 0px !important;padding-bottom: 0px !important;padding-left: 0px !important;}\u00a0\u00bb][\/vc_column_text][\/vc_column][\/vc_row]<\/p>\n","protected":false},"excerpt":{"rendered":"<p>[vc_row padding_top=\u00a0\u00bb20&Prime; padding_bottom=\u00a0\u00bb20&Prime;][vc_column width=\u00a0\u00bb1\/6&Prime;][\/vc_column][vc_column width=\u00a0\u00bb2\/3&Prime;][vc_column_text] Pr\u00e9parez votre d\u00e9placement professionnel en toute s\u00e9r\u00e9nit\u00e9 Que vous veniez \u00e0 Paris pour une conf\u00e9rence, une r\u00e9union avec vos partenaires ou un s\u00e9minaire, vous trouverez chez hiphophostels, des h\u00f4tels 3 \u00e9toiles et des Auberges boutiques offrant le haut de gamme d&rsquo;un h\u00f4tel traditionnel.[\/vc_column_text][\/vc_column][vc_column width=\u00a0\u00bb1\/6&Prime;][\/vc_column][\/vc_row][vc_row el_id=\u00a0\u00bbSelect\u00a0\u00bb padding_top=\u00a0\u00bb20&Prime; padding_bottom=\u00a0\u00bb20&Prime;][vc_column width=\u00a0\u00bb1\/6&Prime;][\/vc_column][vc_column width=\u00a0\u00bb2\/3&Prime;][vc_column_text] D\u00e9couvrez nos H\u00f4tels &amp; Auberges [\/vc_column_text][\/vc_column][vc_column [&hellip;]<\/p>\n","protected":false},"author":1,"featured_media":192,"parent":0,"menu_order":0,"comment_status":"closed","ping_status":"closed","template":"","meta":{"footnotes":""},"_links":{"self":[{"href":"https:\/\/business.hiphophostels.com\/fr\/wp-json\/wp\/v2\/pages\/14726"}],"collection":[{"href":"https:\/\/business.hiphophostels.com\/fr\/wp-json\/wp\/v2\/pages"}],"about":[{"href":"https:\/\/business.hiphophostels.com\/fr\/wp-json\/wp\/v2\/types\/page"}],"author":[{"embeddable":true,"href":"https:\/\/business.hiphophostels.com\/fr\/wp-json\/wp\/v2\/users\/1"}],"replies":[{"embeddable":true,"href":"https:\/\/business.hiphophostels.com\/fr\/wp-json\/wp\/v2\/comments?post=14726"}],"version-history":[{"count":2,"href":"https:\/\/business.hiphophostels.com\/fr\/wp-json\/wp\/v2\/pages\/14726\/revisions"}],"predecessor-version":[{"id":14728,"href":"https:\/\/business.hiphophostels.com\/fr\/wp-json\/wp\/v2\/pages\/14726\/revisions\/14728"}],"wp:featuredmedia":[{"embeddable":true,"href":"https:\/\/business.hiphophostels.com\/fr\/wp-json\/wp\/v2\/media\/192"}],"wp:attachment":[{"href":"https:\/\/business.hiphophostels.com\/fr\/wp-json\/wp\/v2\/media?parent=14726"}],"curies":[{"name":"wp","href":"https:\/\/api.w.org\/{rel}","templated":true}]}}